{"id":133,"date":"2023-08-30T11:22:54","date_gmt":"2023-08-30T09:22:54","guid":{"rendered":"https:\/\/numaeventos.com\/?page_id=133"},"modified":"2023-09-26T14:03:06","modified_gmt":"2023-09-26T12:03:06","slug":"dj-para-bodas","status":"publish","type":"page","link":"https:\/\/numaeventos.com\/index.php\/dj-para-bodas\/","title":{"rendered":"DJ para bodas"},"content":{"rendered":"\n<div class=\"wp-block-media-text is-stacked-on-mobile\"><figure class=\"wp-block-media-text__media\"><img decoding=\"async\" loading=\"lazy\" width=\"683\" height=\"1024\" src=\"https:\/\/numaeventos.com\/wp-content\/uploads\/2023\/08\/fabio-alves-BpeTaQozgN4-unsplash-683x1024.jpg\" alt=\"\" class=\"wp-image-180 size-full\" srcset=\"https:\/\/numaeventos.com\/wp-content\/uploads\/2023\/08\/fabio-alves-BpeTaQozgN4-unsplash-683x1024.jpg 683w, https:\/\/numaeventos.com\/wp-content\/uploads\/2023\/08\/fabio-alves-BpeTaQozgN4-unsplash-200x300.jpg 200w, https:\/\/numaeventos.com\/wp-content\/uploads\/2023\/08\/fabio-alves-BpeTaQozgN4-unsplash-768x1152.jpg 768w, https:\/\/numaeventos.com\/wp-content\/uploads\/2023\/08\/fabio-alves-BpeTaQozgN4-unsplash-1024x1536.jpg 1024w, https:\/\/numaeventos.com\/wp-content\/uploads\/2023\/08\/fabio-alves-BpeTaQozgN4-unsplash-1365x2048.jpg 1365w, https:\/\/numaeventos.com\/wp-content\/uploads\/2023\/08\/fabio-alves-BpeTaQozgN4-unsplash-scaled.jpg 1707w\" sizes=\"(max-width: 683px) 100vw, 683px\" \/><\/figure><div class=\"wp-block-media-text__content\">\n<p><\/p>\n\n\n\n<p>El d\u00eda de vuestra boda es un d\u00eda muy especial. Somos especialistas en la animaci\u00f3n musical de bodas. Os ofrecemos nuestras mejores playlist para que pod\u00e1is elegir la m\u00fasica en funci\u00f3n de vuestros gustos musicales. Nuestras propuestas convertir\u00e1n vuestra boda en un evento inolvidable. Conseguir\u00e1n sacar a todos los invitados a la pista de baile para que todo el mundo se lo pase a lo grande en una ocasi\u00f3n tan se\u00f1alada.<\/p>\n\n\n\n<p>                                     <img decoding=\"async\" loading=\"lazy\" width=\"512\" height=\"512\" class=\"wp-image-10\" style=\"width: 150px;\" src=\"http:\/\/numaeventos.com\/wp-content\/uploads\/2023\/02\/cropped-L7A.png\" alt=\"\" srcset=\"https:\/\/numaeventos.com\/wp-content\/uploads\/2023\/02\/cropped-L7A.png 512w, https:\/\/numaeventos.com\/wp-content\/uploads\/2023\/02\/cropped-L7A-300x300.png 300w, https:\/\/numaeventos.com\/wp-content\/uploads\/2023\/02\/cropped-L7A-150x150.png 150w, https:\/\/numaeventos.com\/wp-content\/uploads\/2023\/02\/cropped-L7A-270x270.png 270w, https:\/\/numaeventos.com\/wp-content\/uploads\/2023\/02\/cropped-L7A-192x192.png 192w, https:\/\/numaeventos.com\/wp-content\/uploads\/2023\/02\/cropped-L7A-180x180.png 180w, https:\/\/numaeventos.com\/wp-content\/uploads\/2023\/02\/cropped-L7A-32x32.png 32w\" sizes=\"(max-width: 512px) 100vw, 512px\" \/><\/p>\n<\/div><\/div>\n","protected":false},"excerpt":{"rendered":"<p>El d\u00eda de vuestra boda es un d\u00eda muy especial. Somos especialistas en la animaci\u00f3n musical de bodas. Os ofrecemos<\/p>\n<p><a href=\"https:\/\/numaeventos.com\/index.php\/dj-para-bodas\/\" class=\"more-link\">Seguir leyendo<span class=\"screen-reader-text\">DJ para bodas<\/span><\/a><\/p>\n","protected":false},"author":1,"featured_media":0,"parent":0,"menu_order":0,"comment_status":"closed","ping_status":"closed","template":"","meta":{"_monsterinsights_skip_tracking":false,"_monsterinsights_sitenote_active":false,"_monsterinsights_sitenote_note":"","_monsterinsights_sitenote_category":0,"footnotes":"","_joinchat":[]},"aioseo_notices":[],"_links":{"self":[{"href":"https:\/\/numaeventos.com\/index.php\/wp-json\/wp\/v2\/pages\/133"}],"collection":[{"href":"https:\/\/numaeventos.com\/index.php\/wp-json\/wp\/v2\/pages"}],"about":[{"href":"https:\/\/numaeventos.com\/index.php\/wp-json\/wp\/v2\/types\/page"}],"author":[{"embeddable":true,"href":"https:\/\/numaeventos.com\/index.php\/wp-json\/wp\/v2\/users\/1"}],"replies":[{"embeddable":true,"href":"https:\/\/numaeventos.com\/index.php\/wp-json\/wp\/v2\/comments?post=133"}],"version-history":[{"count":7,"href":"https:\/\/numaeventos.com\/index.php\/wp-json\/wp\/v2\/pages\/133\/revisions"}],"predecessor-version":[{"id":245,"href":"https:\/\/numaeventos.com\/index.php\/wp-json\/wp\/v2\/pages\/133\/revisions\/245"}],"wp:attachment":[{"href":"https:\/\/numaeventos.com\/index.php\/wp-json\/wp\/v2\/media?parent=133"}],"curies":[{"name":"wp","href":"https:\/\/api.w.org\/{rel}","templated":true}]}}