{"id":19,"date":"2023-02-16T18:45:37","date_gmt":"2023-02-16T17:45:37","guid":{"rendered":"https:\/\/numaeventos.com\/?page_id=19"},"modified":"2023-08-30T14:32:00","modified_gmt":"2023-08-30T12:32:00","slug":"solicitar-presupuesto-dj","status":"publish","type":"page","link":"https:\/\/numaeventos.com\/index.php\/solicitar-presupuesto-dj\/","title":{"rendered":"Solicitar presupuesto DJ"},"content":{"rendered":"\n<figure class=\"wp-block-pullquote has-white-color has-text-color has-small-font-size\" style=\"font-style:normal;font-weight:400\"><blockquote><p>P\u00eddenos presupuesto sin compromiso, nos adaptamos a todo tipo de eventos. <\/p><cite>Ll\u00e1manos al 654844027 o bien contacta a trav\u00e9s de nuestro formulario. <\/cite><\/blockquote><\/figure>\n\n\n<div class=\"wpforms-container wpforms-container-full wpforms-block\" id=\"wpforms-32\"><form id=\"wpforms-form-32\" class=\"wpforms-validate wpforms-form wpforms-ajax-form\" data-formid=\"32\" method=\"post\" enctype=\"multipart\/form-data\" action=\"\/index.php\/wp-json\/wp\/v2\/pages\/19\" data-token=\"448a09ffa26f36d9c69a76cd50523cae\" data-token-time=\"1776377615\"><noscript class=\"wpforms-error-noscript\">Por favor, activa JavaScript en tu navegador para completar este formulario.<\/noscript><div class=\"wpforms-field-container\"><div id=\"wpforms-32-field_0-container\" class=\"wpforms-field wpforms-field-name\" data-field-id=\"0\"><label class=\"wpforms-field-label\">Nombre <span class=\"wpforms-required-label\">*<\/span><\/label><div class=\"wpforms-field-row wpforms-field-medium\"><div class=\"wpforms-field-row-block wpforms-first wpforms-one-half\"><input type=\"text\" id=\"wpforms-32-field_0\" class=\"wpforms-field-name-first wpforms-field-required\" name=\"wpforms[fields][0][first]\" required><label for=\"wpforms-32-field_0\" class=\"wpforms-field-sublabel after\">Nombre<\/label><\/div><div class=\"wpforms-field-row-block wpforms-one-half\"><input type=\"text\" id=\"wpforms-32-field_0-last\" class=\"wpforms-field-name-last wpforms-field-required\" name=\"wpforms[fields][0][last]\" required><label for=\"wpforms-32-field_0-last\" class=\"wpforms-field-sublabel after\">Apellidos<\/label><\/div><\/div><\/div><div id=\"wpforms-32-field_1-container\" class=\"wpforms-field wpforms-field-email\" data-field-id=\"1\"><label class=\"wpforms-field-label\" for=\"wpforms-32-field_1\">Correo electr\u00f3nico <span class=\"wpforms-required-label\">*<\/span><\/label><input type=\"email\" id=\"wpforms-32-field_1\" class=\"wpforms-field-medium wpforms-field-required\" name=\"wpforms[fields][1]\" spellcheck=\"false\" required><\/div>\t\t<div id=\"wpforms-32-field_3-container\"\n\t\t\tclass=\"wpforms-field wpforms-field-text\"\n\t\t\tdata-field-type=\"text\"\n\t\t\tdata-field-id=\"3\"\n\t\t\t>\n\t\t\t<label class=\"wpforms-field-label\" for=\"wpforms-32-field_3\" >electr\u00f3nico o Nombre<\/label>\n\t\t\t<input type=\"text\" id=\"wpforms-32-field_3\" class=\"wpforms-field-medium\" name=\"wpforms[fields][3]\" >\n\t\t<\/div>\n\t\t<div id=\"wpforms-32-field_2-container\" class=\"wpforms-field wpforms-field-textarea\" data-field-id=\"2\"><label class=\"wpforms-field-label\" for=\"wpforms-32-field_2\">Comentario o mensaje<\/label><textarea id=\"wpforms-32-field_2\" class=\"wpforms-field-medium\" name=\"wpforms[fields][2]\" ><\/textarea><\/div><script>\n\t\t\t\t( function() {\n\t\t\t\t\tconst style = document.createElement( 'style' );\n\t\t\t\t\tstyle.appendChild( document.createTextNode( '#wpforms-32-field_3-container { position: absolute !important; overflow: hidden !important; display: inline !important; height: 1px !important; width: 1px !important; z-index: -1000 !important; padding: 0 !important; } #wpforms-32-field_3-container input { visibility: hidden; } #wpforms-conversational-form-page #wpforms-32-field_3-container label { counter-increment: none; }' ) );\n\t\t\t\t\tdocument.head.appendChild( style );\n\t\t\t\t\tdocument.currentScript?.remove();\n\t\t\t\t} )();\n\t\t\t<\/script><\/div><!-- .wpforms-field-container --><div class=\"wpforms-submit-container\" ><input type=\"hidden\" name=\"wpforms[id]\" value=\"32\"><input type=\"hidden\" name=\"page_title\" value=\"\"><input type=\"hidden\" name=\"page_url\" value=\"https:\/\/numaeventos.com\/index.php\/wp-json\/wp\/v2\/pages\/19\"><input type=\"hidden\" name=\"url_referer\" value=\"\"><button type=\"submit\" name=\"wpforms[submit]\" id=\"wpforms-submit-32\" class=\"wpforms-submit\" data-alt-text=\"Enviando...\" data-submit-text=\"Enviar\" aria-live=\"assertive\" value=\"wpforms-submit\">Enviar<\/button><img decoding=\"async\" loading=\"lazy\" src=\"https:\/\/numaeventos.com\/wp-content\/plugins\/wpforms-lite\/assets\/images\/submit-spin.svg\" class=\"wpforms-submit-spinner\" style=\"display: none;\" width=\"26\" height=\"26\" alt=\"Cargando\"><\/div><\/form><\/div>  <!-- .wpforms-container -->\n\n\n<figure class=\"wp-block-image size-full is-resized\"><img decoding=\"async\" loading=\"lazy\" src=\"http:\/\/numaeventos.com\/wp-content\/uploads\/2023\/02\/eventos3.png\" alt=\"\" class=\"wp-image-7\" style=\"width:880px;height:1025px\" width=\"880\" height=\"1025\" srcset=\"https:\/\/numaeventos.com\/wp-content\/uploads\/2023\/02\/eventos3.png 662w, https:\/\/numaeventos.com\/wp-content\/uploads\/2023\/02\/eventos3-258x300.png 258w\" sizes=\"(max-width: 880px) 100vw, 880px\" \/><\/figure>\n","protected":false},"excerpt":{"rendered":"<p>P\u00eddenos presupuesto sin compromiso, nos adaptamos a todo tipo de eventos. Ll\u00e1manos al 654844027 o bien contacta a trav\u00e9s de<\/p>\n<p><a href=\"https:\/\/numaeventos.com\/index.php\/solicitar-presupuesto-dj\/\" class=\"more-link\">Seguir leyendo<span class=\"screen-reader-text\">Solicitar presupuesto DJ<\/span><\/a><\/p>\n","protected":false},"author":1,"featured_media":0,"parent":0,"menu_order":0,"comment_status":"closed","ping_status":"closed","template":"","meta":{"_monsterinsights_skip_tracking":false,"_monsterinsights_sitenote_active":false,"_monsterinsights_sitenote_note":"","_monsterinsights_sitenote_category":0,"footnotes":"","_joinchat":{"view":"no"}},"aioseo_notices":[],"_links":{"self":[{"href":"https:\/\/numaeventos.com\/index.php\/wp-json\/wp\/v2\/pages\/19"}],"collection":[{"href":"https:\/\/numaeventos.com\/index.php\/wp-json\/wp\/v2\/pages"}],"about":[{"href":"https:\/\/numaeventos.com\/index.php\/wp-json\/wp\/v2\/types\/page"}],"author":[{"embeddable":true,"href":"https:\/\/numaeventos.com\/index.php\/wp-json\/wp\/v2\/users\/1"}],"replies":[{"embeddable":true,"href":"https:\/\/numaeventos.com\/index.php\/wp-json\/wp\/v2\/comments?post=19"}],"version-history":[{"count":24,"href":"https:\/\/numaeventos.com\/index.php\/wp-json\/wp\/v2\/pages\/19\/revisions"}],"predecessor-version":[{"id":160,"href":"https:\/\/numaeventos.com\/index.php\/wp-json\/wp\/v2\/pages\/19\/revisions\/160"}],"wp:attachment":[{"href":"https:\/\/numaeventos.com\/index.php\/wp-json\/wp\/v2\/media?parent=19"}],"curies":[{"name":"wp","href":"https:\/\/api.w.org\/{rel}","templated":true}]}}