{"id":66,"date":"2023-08-28T14:32:13","date_gmt":"2023-08-28T12:32:13","guid":{"rendered":"https:\/\/numaeventos.com\/?page_id=66"},"modified":"2023-09-26T13:54:08","modified_gmt":"2023-09-26T11:54:08","slug":"dj-para-eventos","status":"publish","type":"page","link":"https:\/\/numaeventos.com\/index.php\/dj-para-eventos\/","title":{"rendered":"Dj para eventos"},"content":{"rendered":"\n<p>Manu es un DJ profesional con un amplio repertorio que har\u00e1 disfrutar al p\u00fablico de varios estilos de m\u00fasica moderna para el c\u00f3ctel y la cena (deep house, jazz, acid jazz, funky grooves, bossa nova, lounge, chill, smooth jazz de fusi\u00f3n) y para el baile (techno, progressive, deep, afro house). <\/p>\n\n\n\n<blockquote class=\"wp-block-quote\">\n<p>Me encanta pinchar todo tipo de estilos y disfruto viendo que el p\u00fablico se lo pasa bien en la pista de baile. <\/p>\n<\/blockquote>\n\n\n\n<h2 class=\"wp-block-heading\">DJ Para Eventos de Empresa<\/h2>\n\n\n\n<div class=\"wp-block-media-text is-stacked-on-mobile\" style=\"grid-template-columns:49% auto\"><figure class=\"wp-block-media-text__media\"><img decoding=\"async\" loading=\"lazy\" width=\"702\" height=\"389\" src=\"https:\/\/numaeventos.com\/wp-content\/uploads\/2023\/08\/2023-08-29_9-13-56.png\" alt=\"\" class=\"wp-image-94 size-full\" srcset=\"https:\/\/numaeventos.com\/wp-content\/uploads\/2023\/08\/2023-08-29_9-13-56.png 702w, https:\/\/numaeventos.com\/wp-content\/uploads\/2023\/08\/2023-08-29_9-13-56-300x166.png 300w\" sizes=\"(max-width: 702px) 100vw, 702px\" \/><\/figure><div class=\"wp-block-media-text__content\">\n<p>Es muy importante contar con la m\u00fasica adecuada en un <strong>evento corporativo<\/strong>. En este tipo de eventos se crean muchos lazos, se hacen negocios y se cierran grandes tratos. Por ello debes cuidar hasta el \u00faltimo detalle.<\/p>\n\n\n\n<p>Si buscas contratar un <strong>DJ para eventos<\/strong> quiere decir que vas por buen camino, pues la m\u00fasica ser\u00e1 una parte fundamental de la organizaci\u00f3n.<\/p>\n\n\n\n<p><\/p>\n<\/div><\/div>\n\n\n\n<h2 class=\"wp-block-heading\">DJ Para Fiestas privadas<\/h2>\n\n\n\n<div class=\"wp-block-media-text is-stacked-on-mobile\"><figure class=\"wp-block-media-text__media\"><img decoding=\"async\" loading=\"lazy\" width=\"987\" height=\"1024\" src=\"https:\/\/numaeventos.com\/wp-content\/uploads\/2023\/08\/michael-discenza-MxfcoxycH_Y-unsplash-987x1024.jpg\" alt=\"\" class=\"wp-image-101 size-full\" srcset=\"https:\/\/numaeventos.com\/wp-content\/uploads\/2023\/08\/michael-discenza-MxfcoxycH_Y-unsplash-987x1024.jpg 987w, https:\/\/numaeventos.com\/wp-content\/uploads\/2023\/08\/michael-discenza-MxfcoxycH_Y-unsplash-289x300.jpg 289w, https:\/\/numaeventos.com\/wp-content\/uploads\/2023\/08\/michael-discenza-MxfcoxycH_Y-unsplash-768x797.jpg 768w, https:\/\/numaeventos.com\/wp-content\/uploads\/2023\/08\/michael-discenza-MxfcoxycH_Y-unsplash-1480x1536.jpg 1480w, https:\/\/numaeventos.com\/wp-content\/uploads\/2023\/08\/michael-discenza-MxfcoxycH_Y-unsplash-1974x2048.jpg 1974w\" sizes=\"(max-width: 987px) 100vw, 987px\" \/><\/figure><div class=\"wp-block-media-text__content\">\n<p>Celebra tu <strong>cumplea\u00f1os<\/strong> y sorprende a tus invitados con buena m\u00fasica. Es muy importante crear un buen ambiente en tu fiesta y la m\u00fasica es el ingrediente perfecto para que nada pueda fallar. Desde <strong>NuMa Eventos <\/strong>nos encargamos de todo.   <\/p>\n\n\n\n<p>              <img decoding=\"async\" loading=\"lazy\" width=\"512\" height=\"512\" class=\"wp-image-10\" style=\"width: 200px;\" src=\"http:\/\/numaeventos.com\/wp-content\/uploads\/2023\/02\/cropped-L7A.png\" alt=\"\" srcset=\"https:\/\/numaeventos.com\/wp-content\/uploads\/2023\/02\/cropped-L7A.png 512w, https:\/\/numaeventos.com\/wp-content\/uploads\/2023\/02\/cropped-L7A-300x300.png 300w, https:\/\/numaeventos.com\/wp-content\/uploads\/2023\/02\/cropped-L7A-150x150.png 150w, https:\/\/numaeventos.com\/wp-content\/uploads\/2023\/02\/cropped-L7A-270x270.png 270w, https:\/\/numaeventos.com\/wp-content\/uploads\/2023\/02\/cropped-L7A-192x192.png 192w, https:\/\/numaeventos.com\/wp-content\/uploads\/2023\/02\/cropped-L7A-180x180.png 180w, https:\/\/numaeventos.com\/wp-content\/uploads\/2023\/02\/cropped-L7A-32x32.png 32w\" sizes=\"(max-width: 512px) 100vw, 512px\" \/><\/p>\n<\/div><\/div>\n","protected":false},"excerpt":{"rendered":"<p>Manu es un DJ profesional con un amplio repertorio que har\u00e1 disfrutar al p\u00fablico de varios estilos de m\u00fasica moderna<\/p>\n<p><a href=\"https:\/\/numaeventos.com\/index.php\/dj-para-eventos\/\" class=\"more-link\">Seguir leyendo<span class=\"screen-reader-text\">Dj para eventos<\/span><\/a><\/p>\n","protected":false},"author":1,"featured_media":0,"parent":0,"menu_order":0,"comment_status":"closed","ping_status":"closed","template":"","meta":{"_monsterinsights_skip_tracking":false,"_monsterinsights_sitenote_active":false,"_monsterinsights_sitenote_note":"","_monsterinsights_sitenote_category":0,"footnotes":"","_joinchat":[]},"aioseo_notices":[],"_links":{"self":[{"href":"https:\/\/numaeventos.com\/index.php\/wp-json\/wp\/v2\/pages\/66"}],"collection":[{"href":"https:\/\/numaeventos.com\/index.php\/wp-json\/wp\/v2\/pages"}],"about":[{"href":"https:\/\/numaeventos.com\/index.php\/wp-json\/wp\/v2\/types\/page"}],"author":[{"embeddable":true,"href":"https:\/\/numaeventos.com\/index.php\/wp-json\/wp\/v2\/users\/1"}],"replies":[{"embeddable":true,"href":"https:\/\/numaeventos.com\/index.php\/wp-json\/wp\/v2\/comments?post=66"}],"version-history":[{"count":12,"href":"https:\/\/numaeventos.com\/index.php\/wp-json\/wp\/v2\/pages\/66\/revisions"}],"predecessor-version":[{"id":266,"href":"https:\/\/numaeventos.com\/index.php\/wp-json\/wp\/v2\/pages\/66\/revisions\/266"}],"wp:attachment":[{"href":"https:\/\/numaeventos.com\/index.php\/wp-json\/wp\/v2\/media?parent=66"}],"curies":[{"name":"wp","href":"https:\/\/api.w.org\/{rel}","templated":true}]}}